{"id":10012,"date":"2021-05-06T01:24:06","date_gmt":"2021-05-06T01:24:06","guid":{"rendered":"https:\/\/everse.deothemes.com\/digital-agency\/?page_id=127"},"modified":"2024-04-12T21:52:46","modified_gmt":"2024-04-12T21:52:46","slug":"nosotros","status":"publish","type":"page","link":"https:\/\/www.aflamsas.com\/?page_id=10012","title":{"rendered":"Nosotros"},"content":{"rendered":"\t\t<div data-elementor-type=\"wp-page\" data-elementor-id=\"10012\" class=\"elementor elementor-10012\" data-elementor-post-type=\"page\">\n\t\t\t\t\t\t<section class=\"elementor-section elementor-top-section elementor-element elementor-element-fc1e413 elementor-section-height-min-height elementor-section-boxed elementor-section-height-default elementor-section-items-middle\" data-id=\"fc1e413\" data-element_type=\"section\" data-e-type=\"section\" data-settings=\"{&quot;background_background&quot;:&quot;classic&quot;}\">\n\t\t\t\t\t\t\t<div class=\"elementor-background-overlay\"><\/div>\n\t\t\t\t\t\t\t<div class=\"elementor-container elementor-column-gap-default\">\n\t\t\t\t\t<div class=\"elementor-column elementor-col-100 elementor-top-column elementor-element elementor-element-5193ea1\" data-id=\"5193ea1\" data-element_type=\"column\" data-e-type=\"column\">\n\t\t\t<div class=\"elementor-widget-wrap elementor-element-populated\">\n\t\t\t\t\t\t<section class=\"elementor-section elementor-inner-section elementor-element elementor-element-ca1b5cc elementor-section-boxed elementor-section-height-default elementor-section-height-default\" data-id=\"ca1b5cc\" data-element_type=\"section\" data-e-type=\"section\">\n\t\t\t\t\t\t<div class=\"elementor-container elementor-column-gap-default\">\n\t\t\t\t\t<div class=\"elementor-column elementor-col-100 elementor-inner-column elementor-element elementor-element-6c9d6de\" data-id=\"6c9d6de\" data-element_type=\"column\" data-e-type=\"column\">\n\t\t\t<div class=\"elementor-widget-wrap elementor-element-populated\">\n\t\t\t\t\t\t<div class=\"elementor-element elementor-element-dcd364a elementor-widget elementor-widget-heading\" data-id=\"dcd364a\" data-element_type=\"widget\" data-e-type=\"widget\" data-widget_type=\"heading.default\">\n\t\t\t\t<div class=\"elementor-widget-container\">\n\t\t\t\t\t<h1 class=\"elementor-heading-title elementor-size-default\">Quienes<b> Somos<\/b><\/h1>\t\t\t\t<\/div>\n\t\t\t\t<\/div>\n\t\t\t\t\t<\/div>\n\t\t<\/div>\n\t\t\t\t\t<\/div>\n\t\t<\/section>\n\t\t\t\t\t<\/div>\n\t\t<\/div>\n\t\t\t\t\t<\/div>\n\t\t<\/section>\n\t\t\t\t<section class=\"elementor-section elementor-top-section elementor-element elementor-element-a5b9e5a elementor-section-full_width elementor-section-height-default elementor-section-height-default\" data-id=\"a5b9e5a\" data-element_type=\"section\" data-e-type=\"section\" data-settings=\"{&quot;background_background&quot;:&quot;gradient&quot;}\">\n\t\t\t\t\t\t<div class=\"elementor-container elementor-column-gap-default\">\n\t\t\t\t\t<div class=\"elementor-column elementor-col-100 elementor-top-column elementor-element elementor-element-3b42acc\" data-id=\"3b42acc\" data-element_type=\"column\" data-e-type=\"column\">\n\t\t\t<div class=\"elementor-widget-wrap elementor-element-populated\">\n\t\t\t\t\t\t<section class=\"elementor-section elementor-inner-section elementor-element elementor-element-8e7b662 elementor-section-boxed elementor-section-height-default elementor-section-height-default\" data-id=\"8e7b662\" data-element_type=\"section\" data-e-type=\"section\">\n\t\t\t\t\t\t<div class=\"elementor-container elementor-column-gap-default\">\n\t\t\t\t\t<div class=\"elementor-column elementor-col-50 elementor-inner-column elementor-element elementor-element-8db5a87 elementor-invisible\" data-id=\"8db5a87\" data-element_type=\"column\" data-e-type=\"column\" data-settings=\"{&quot;animation&quot;:&quot;fadeInLeft&quot;}\">\n\t\t\t<div class=\"elementor-widget-wrap elementor-element-populated\">\n\t\t\t\t\t\t<div class=\"elementor-element elementor-element-3253207 elementor-widget elementor-widget-image\" data-id=\"3253207\" data-element_type=\"widget\" data-e-type=\"widget\" data-widget_type=\"image.default\">\n\t\t\t\t<div class=\"elementor-widget-container\">\n\t\t\t\t\t\t\t\t\t\t\t\t\t\t\t<img decoding=\"async\" src=\"https:\/\/everse.deothemes.com\/digital-agency\/wp-content\/uploads\/sites\/20\/2021\/05\/awards-min.jpg\" title=\"\" alt=\"\" loading=\"lazy\" \/>\t\t\t\t\t\t\t\t\t\t\t\t\t\t\t<\/div>\n\t\t\t\t<\/div>\n\t\t\t\t\t<\/div>\n\t\t<\/div>\n\t\t\t\t<div class=\"elementor-column elementor-col-50 elementor-inner-column elementor-element elementor-element-faddbb6 elementor-invisible\" data-id=\"faddbb6\" data-element_type=\"column\" data-e-type=\"column\" data-settings=\"{&quot;animation&quot;:&quot;fadeInRight&quot;,&quot;animation_delay&quot;:250}\">\n\t\t\t<div class=\"elementor-widget-wrap elementor-element-populated\">\n\t\t\t\t\t\t<div class=\"elementor-element elementor-element-98139d0 elementor-widget elementor-widget-heading\" data-id=\"98139d0\" data-element_type=\"widget\" data-e-type=\"widget\" data-widget_type=\"heading.default\">\n\t\t\t\t<div class=\"elementor-widget-container\">\n\t\t\t\t\t<h2 class=\"elementor-heading-title elementor-size-default\">Quienes somos? <\/h2>\t\t\t\t<\/div>\n\t\t\t\t<\/div>\n\t\t\t\t<div class=\"elementor-element elementor-element-ec3cc12 elementor-widget elementor-widget-text-editor\" data-id=\"ec3cc12\" data-element_type=\"widget\" data-e-type=\"widget\" data-widget_type=\"text-editor.default\">\n\t\t\t\t<div class=\"elementor-widget-container\">\n\t\t\t\t\t\t\t\t\t<p>AFLAM SAS., es una empresa que presta los servicios de transporte terrestre de carga seca y liquido por carretera, alquiler de veh\u00edculos livianos, alquiler de maquinaria amarilla, y servicios integrales de ingenier\u00eda.<br \/>Es una organizaci\u00f3n formada por personal que contribuyen una sociedad simplificada, de naturaleza comercial, con vocaci\u00f3n del servicio, de cuyo origen esta cimentada en el origen del municipio de SAN MARTIN, CESAR, con principios sociales y ambientales que promueven la participaci\u00f3n ciudadana, el desarrollo empresarial, la convivencia arm\u00f3nica y la solidaridad como elementos fundamentales para el desarrollo humano.<br \/>Adem\u00e1s, es una organizaci\u00f3n donde se refleja el comercio con nuestra regi\u00f3n y sus necesidades, a trav\u00e9s de la generaci\u00f3n de empleo, la optimizaci\u00f3n de servicios, la eficacia y la estabilidad que nos vincula de manera integral a nuestros clientes.<\/p>\t\t\t\t\t\t\t\t<\/div>\n\t\t\t\t<\/div>\n\t\t\t\t<div class=\"elementor-element elementor-element-f210fcf elementor-widget elementor-widget-heading\" data-id=\"f210fcf\" data-element_type=\"widget\" data-e-type=\"widget\" data-widget_type=\"heading.default\">\n\t\t\t\t<div class=\"elementor-widget-container\">\n\t\t\t\t\t<h2 class=\"elementor-heading-title elementor-size-default\">Misi\u00f3n<\/h2>\t\t\t\t<\/div>\n\t\t\t\t<\/div>\n\t\t\t\t<div class=\"elementor-element elementor-element-2ebfc04 elementor-widget elementor-widget-text-editor\" data-id=\"2ebfc04\" data-element_type=\"widget\" data-e-type=\"widget\" data-widget_type=\"text-editor.default\">\n\t\t\t\t<div class=\"elementor-widget-container\">\n\t\t\t\t\t\t\t\t\t<p>AFLAM SAS, se compromete a brindar con eficiencia los servicios de Transporte de Carga Seca y liquida por carretera, Alquiler de Maquinaria y veh\u00edculos, garantizando as\u00ed los servicios integrales de ingenier\u00eda con los est\u00e1ndares \u00f3ptimos de calidad, seguridad y puntualidad. Satisfaciendo las necesidades de nuestros clientes a partir del talento humano competente que facilite el mantenimiento y la mejora continua del servicio.<\/p>\t\t\t\t\t\t\t\t<\/div>\n\t\t\t\t<\/div>\n\t\t\t\t<div class=\"elementor-element elementor-element-6bcb910 elementor-widget elementor-widget-heading\" data-id=\"6bcb910\" data-element_type=\"widget\" data-e-type=\"widget\" data-widget_type=\"heading.default\">\n\t\t\t\t<div class=\"elementor-widget-container\">\n\t\t\t\t\t<h3 class=\"elementor-heading-title elementor-size-default\">Visi\u00f3n<\/h3>\t\t\t\t<\/div>\n\t\t\t\t<\/div>\n\t\t\t\t<div class=\"elementor-element elementor-element-314046f elementor-widget elementor-widget-text-editor\" data-id=\"314046f\" data-element_type=\"widget\" data-e-type=\"widget\" data-widget_type=\"text-editor.default\">\n\t\t\t\t<div class=\"elementor-widget-container\">\n\t\t\t\t\t\t\t\t\t<p>AFLAM S.A.S, para el a\u00f1o 2024 ser\u00e1 la empresa de vanguardia en log\u00edstica integral de transporte de carga seca y liquida por carretera, alquiler de maquinaria y veh\u00edculos con reconocimiento a nivel departamental y nacional, buscando siempre satisfacer las necesidades de sus clientes, Colocando a disposici\u00f3n todo el talento humano para el desarrollo y las buenas pr\u00e1cticas de los valores como la \u00e9tica, la transparencia, servicio al cliente y competitividad para mantener as\u00ed las mejores relaciones con todas las partes interesadas.<\/p>\t\t\t\t\t\t\t\t<\/div>\n\t\t\t\t<\/div>\n\t\t\t\t\t<\/div>\n\t\t<\/div>\n\t\t\t\t\t<\/div>\n\t\t<\/section>\n\t\t\t\t\t<\/div>\n\t\t<\/div>\n\t\t\t\t\t<\/div>\n\t\t<\/section>\n\t\t\t\t<section class=\"elementor-section elementor-top-section elementor-element elementor-element-cac5ff1 elementor-section-boxed elementor-section-height-default elementor-section-height-default\" data-id=\"cac5ff1\" data-element_type=\"section\" data-e-type=\"section\">\n\t\t\t\t\t\t<div class=\"elementor-container elementor-column-gap-default\">\n\t\t\t\t\t<div class=\"elementor-column elementor-col-100 elementor-top-column elementor-element elementor-element-00f7e51\" data-id=\"00f7e51\" data-element_type=\"column\" data-e-type=\"column\">\n\t\t\t<div class=\"elementor-widget-wrap elementor-element-populated\">\n\t\t\t\t\t\t<div class=\"elementor-element elementor-element-344a1e0 elementor-view-stacked elementor-shape-circle elementor-position-block-start elementor-mobile-position-block-start elementor-widget elementor-widget-icon-box\" data-id=\"344a1e0\" data-element_type=\"widget\" data-e-type=\"widget\" data-widget_type=\"icon-box.default\">\n\t\t\t\t<div class=\"elementor-widget-container\">\n\t\t\t\t\t\t\t<div class=\"elementor-icon-box-wrapper\">\n\n\t\t\t\t\t\t<div class=\"elementor-icon-box-icon\">\n\t\t\t\t<span  class=\"elementor-icon\">\n\t\t\t\t<i aria-hidden=\"true\" class=\"fas fa-hard-hat\"><\/i>\t\t\t\t<\/span>\n\t\t\t<\/div>\n\t\t\t\n\t\t\t\t\t\t<div class=\"elementor-icon-box-content\">\n\n\t\t\t\t\t\t\t\t\t<h3 class=\"elementor-icon-box-title\">\n\t\t\t\t\t\t<span  >\n\t\t\t\t\t\t\tPOLITICA DE SEGURIDAD\t\t\t\t\t\t<\/span>\n\t\t\t\t\t<\/h3>\n\t\t\t\t\n\t\t\t\t\t\t\t\t\t<p class=\"elementor-icon-box-description\">\n\t\t\t\t\t\tAFLAM S.A.S. garantiza la autor\u00eda e integridad de los datos consignados en la base\nde datos, estos no podr\u00e1n ser divulgados por ninguna circunstancia. Es para\nnosotros muy importante mantener esta informaci\u00f3n en forma confidencial y\nprotegida bajo normas y leyes colombianas.\nLa empresa AFLAM S.A.S. buscar\u00e1 la satisfacci\u00f3n y permanencia de los clientes, a\ntrav\u00e9s del conocimiento de las ventajas comerciales, financieras y operacionales al involucrarse y comprometerse con la lucha directa contra el contrabando, la pirater\u00eda y a favor de los principios inalienables de seguridad e integridad para todos.\n\t\t\t\t\t<\/p>\n\t\t\t\t\n\t\t\t<\/div>\n\t\t\t\n\t\t<\/div>\n\t\t\t\t\t\t<\/div>\n\t\t\t\t<\/div>\n\t\t\t\t\t<\/div>\n\t\t<\/div>\n\t\t\t\t\t<\/div>\n\t\t<\/section>\n\t\t\t\t<section class=\"elementor-section elementor-top-section elementor-element elementor-element-d19c672 elementor-section-boxed elementor-section-height-default elementor-section-height-default\" data-id=\"d19c672\" data-element_type=\"section\" data-e-type=\"section\">\n\t\t\t\t\t\t<div class=\"elementor-container elementor-column-gap-default\">\n\t\t\t\t\t<div class=\"elementor-column elementor-col-100 elementor-top-column elementor-element elementor-element-436a8e2\" data-id=\"436a8e2\" data-element_type=\"column\" data-e-type=\"column\" data-settings=\"{&quot;background_background&quot;:&quot;classic&quot;}\">\n\t\t\t<div class=\"elementor-widget-wrap elementor-element-populated\">\n\t\t\t\t\t\t<div class=\"elementor-element elementor-element-113a75b elementor-widget elementor-widget-text-editor\" data-id=\"113a75b\" data-element_type=\"widget\" data-e-type=\"widget\" data-widget_type=\"text-editor.default\">\n\t\t\t\t<div class=\"elementor-widget-container\">\n\t\t\t\t\t\t\t\t\t<h2>POLITICA SEGURIDAD VIAL<\/h2>\t\t\t\t\t\t\t\t<\/div>\n\t\t\t\t<\/div>\n\t\t\t\t<div class=\"elementor-element elementor-element-7bf0f9f elementor-invisible elementor-widget elementor-widget-text-editor\" data-id=\"7bf0f9f\" data-element_type=\"widget\" data-e-type=\"widget\" data-settings=\"{&quot;_animation&quot;:&quot;fadeInRight&quot;}\" data-widget_type=\"text-editor.default\">\n\t\t\t\t<div class=\"elementor-widget-container\">\n\t\t\t\t\t\t\t\t\t<p>El compromiso de AFLAM S.A.S, es realizar seguimiento de manera continua al Plan Estrat\u00e9gico de Seguridad Vial, estableciendo actividades de promoci\u00f3n y prevenci\u00f3n de incidentes y accidentes de tr\u00e1nsito, por ello todo sus trabajadores y contratistas, son responsables en la participaci\u00f3n de las actividades que desarrolle la empresa con el fin de disminuir la probabilidad de ocurrencia de incidentes que puedan afectar la integridad f\u00edsica, mental y social de las partes interesas y sus colaboradores, comunidad en general y el medio ambiente, con alcance sobre los desplazamientos laborales y los trayectos en itinere para todos sus colaboradores.<\/p><p>Esta Pol\u00edtica brinda un marco de referencia para lograr el objetivo del Plan Estrat\u00e9gico de Seguridad Vial orientados al cumplimiento de las acciones y estrategias en seguridad vial.<\/p><p>AFLAM SAS, En su compromiso con la operaci\u00f3n de transporte terrestre se rige bajo los siguientes par\u00e1metros:<\/p><p>\u2022 Cumplimiento de las regulaciones en seguridad vial, normas de tr\u00e1nsito y transporte, especificaciones t\u00e9cnicas y otras que suscriba la Organizaci\u00f3n<\/p><p>\u2022 Cortes\u00eda y Respeto por otros conductores y usuarios de la v\u00eda.<\/p><p>\u2022 Cuidado del Veh\u00edculo y la Carga.<\/p><p>\u2022 Cubrimiento a todos los conductores propios, subcontratos y afiliados.<\/p><p>\u2022 Compromiso en suministrar los recursos para la planificaci\u00f3n, implementaci\u00f3n, seguimiento y mejora del PESV.<\/p><p>\u2022 Revisi\u00f3n de desplazamientos laborales y los trayectos en itinere para todos los colaboradores de la organizaci\u00f3n, incluyendo a todos los conductores (propios, subcontratistas, afiliados)<\/p><p>\u2022 Evitar o reducir la accidentalidad vial y los efectos que puedan generar los accidentes de tr\u00e1nsito en los integrantes o colaboradores de AFLAM S.A.S. en todos sus centros de trabajo.<\/p><p>\u2022 Facilitar procesos de capacitaci\u00f3n, entrenamiento para promover el cambio de comportamientos de riesgo en el tr\u00e1nsito.<\/p><p>\u2022 Cumplimiento de mantenimiento preventivo y correctivo de los veh\u00edculos y equipos, con el objeto de mantener un desempe\u00f1o \u00f3ptimo de los mismos, estableciendo las medidas de control para evitar la ocurrencia de accidentes que puedan generar da\u00f1os al individuo o a terceros<\/p><p>\u2022 Los conductores deben usar obligatoriamente el cintur\u00f3n de seguridad durante sus desplazamientos en los veh\u00edculos y conducir teniendo en cuenta los principios de manejo preventivo y defensivo<\/p><p>\u2022 Con el fin de evitar la fatiga los conductores deben respetar los horarios de movilizaci\u00f3n permitidos desde las 05:00 am a las 07:00 pm para ello deben realizar paradas cada 2 horas 15 minutos y haber descansado como m\u00ednimo 8 horas antes de iniciar la jornada diaria.<\/p><p>\u2022 Los conductores deben reportar de forma inmediata todo tipo de acto y condici\u00f3n insegura el cual nos ayude a prevenir incidentes de tr\u00e1nsito en que se vean involucrados o que se presenten en la v\u00eda, con el fin de realizar seguimiento.<\/p><p>\u2022 Realizar Inspecci\u00f3n pre operacional de los veh\u00edculos y equipos antes de iniciar ruta, para asegurar el buen estado y el funcionamiento de los mismos.<\/p><p>\u2022 Cumplimiento a programas cr\u00edticos de seguridad vial (Velocidad, comparendos, alcohol, drogas, Prevenci\u00f3n de la Fatiga y Prevenci\u00f3n de la distracci\u00f3n, protecci\u00f3n de actores vulnerables)<\/p><p>\u2022 Compromiso de mejora continua del PESV.<\/p><p>\u00a0<\/p><p>Esta pol\u00edtica ser\u00e1 divulgada, publicada, entendida y disponible para los colaboradores, partes interesadas contratistas, clientes, el incumplimiento de dicha pol\u00edtica ser\u00e1 objeto de sanciones disciplinarias establecidas en el reglamento interno de trabajo<\/p><p>Versi\u00f3n 5: Actualizada: 13 de marzo de 2024 en instalaciones de AFLAM SAS<\/p>\t\t\t\t\t\t\t\t<\/div>\n\t\t\t\t<\/div>\n\t\t\t\t\t<\/div>\n\t\t<\/div>\n\t\t\t\t\t<\/div>\n\t\t<\/section>\n\t\t\t\t<section class=\"elementor-section elementor-top-section elementor-element elementor-element-aa3e8a6 elementor-section-boxed elementor-section-height-default elementor-section-height-default elementor-invisible\" data-id=\"aa3e8a6\" data-element_type=\"section\" data-e-type=\"section\" data-settings=\"{&quot;animation&quot;:&quot;fadeInUp&quot;}\">\n\t\t\t\t\t\t<div class=\"elementor-container elementor-column-gap-default\">\n\t\t\t\t\t<div class=\"elementor-column elementor-col-100 elementor-top-column elementor-element elementor-element-32b03de\" data-id=\"32b03de\" data-element_type=\"column\" data-e-type=\"column\">\n\t\t\t<div class=\"elementor-widget-wrap elementor-element-populated\">\n\t\t\t\t\t\t<div class=\"elementor-element elementor-element-540f732 elementor-widget elementor-widget-text-editor\" data-id=\"540f732\" data-element_type=\"widget\" data-e-type=\"widget\" data-widget_type=\"text-editor.default\">\n\t\t\t\t<div class=\"elementor-widget-container\">\n\t\t\t\t\t\t\t\t\t<h2>POL\u00cdTICA DEL SISTEMA DE GESTI\u00d3N<br \/>INTEGRADO<\/h2>\t\t\t\t\t\t\t\t<\/div>\n\t\t\t\t<\/div>\n\t\t\t\t\t<\/div>\n\t\t<\/div>\n\t\t\t\t\t<\/div>\n\t\t<\/section>\n\t\t\t\t<section class=\"elementor-section elementor-top-section elementor-element elementor-element-da753ee elementor-section-boxed elementor-section-height-default elementor-section-height-default elementor-invisible\" data-id=\"da753ee\" data-element_type=\"section\" data-e-type=\"section\" data-settings=\"{&quot;background_background&quot;:&quot;classic&quot;,&quot;animation&quot;:&quot;fadeInUp&quot;}\">\n\t\t\t\t\t\t<div class=\"elementor-container elementor-column-gap-default\">\n\t\t\t\t\t<div class=\"elementor-column elementor-col-100 elementor-top-column elementor-element elementor-element-db5e36a\" data-id=\"db5e36a\" data-element_type=\"column\" data-e-type=\"column\">\n\t\t\t<div class=\"elementor-widget-wrap elementor-element-populated\">\n\t\t\t\t\t\t<div class=\"elementor-element elementor-element-2900fdc elementor-invisible elementor-widget elementor-widget-text-editor\" data-id=\"2900fdc\" data-element_type=\"widget\" data-e-type=\"widget\" data-settings=\"{&quot;_animation&quot;:&quot;fadeInRight&quot;}\" data-widget_type=\"text-editor.default\">\n\t\t\t\t<div class=\"elementor-widget-container\">\n\t\t\t\t\t\t\t\t\t<p>AFLAM S.A.S, somos una empresa de transporte terrestre de carga seca, liquida por carretera, alquiler de maquinaria amarilla y veh\u00edculos livianos dedicada a prestar servicios de calidad para satisfacer las necesidades y expectativas de nuestros clientes y de partes interesadas, gestionando el mejoramiento continuo de nuestra organizaci\u00f3n, protegiendo el medio ambiente y controlando los riesgos asociados a nuestras operaciones, mediante procesos que sean seguros para todos nuestros trabajadores y contratistas.<\/p><p>El desarrollo de esta pol\u00edtica se har\u00e1 mediante la aplicaci\u00f3n de las siguientes directrices:<\/p><p>\u2022 Establecer las directrices de la planeaci\u00f3n estrat\u00e9gica de la empresa y definir los aspectos necesarios para la ejecuci\u00f3n de la revisi\u00f3n por la gerencia.<br \/>\u2022 Compromiso con la identificaci\u00f3n de los peligros, evaluaci\u00f3n y valoraci\u00f3n de riesgos (compromiso de la empresa hacia la implementaci\u00f3n del SST de la empresa para la gesti\u00f3n de los riesgos laborales.)<br \/>\u2022 Respaldo econ\u00f3mico a los sistemas de seguridad, salud, medio ambiente y calidad en el trabajo<br \/>\u2022 Cumplimiento de legislaci\u00f3n en SST, ambiente, calidad y otros <br \/>\u2022 Proteger la seguridad y salud de todos los trabajadores, mediante la mejora continua del Sistema de Gesti\u00f3n de la Seguridad y Salud en el Trabajo (Garantizar la mejora continua del Sistema de Gesti\u00f3n Integrado)<br \/>\u2022 Asegurar una operaci\u00f3n de transporte de carga eficaz que cumpla con los requisitos del cliente (Oportunidad, disponibilidad, seguridad, confort y \u00f3ptimas condiciones mec\u00e1nicas), as\u00ed como los legales y reglamentarios<br \/>\u2022 Mantener y Controlar los equipos y veh\u00edculos en \u00f3ptimas condiciones, asegurando la continuidad de la prestaci\u00f3n del servicio.<br \/>\u2022 Facilitar los espacios y los mecanismos de participaci\u00f3n y consulta de los colaboradores y sus representantes.<br \/>\u2022 Prevenci\u00f3n de la ocurrencia de accidentes laborales, de tr\u00e1nsito, ambientales, prevenir enfermedades laborales, asegurando cada una de las actividades desarrolladas en la empresa.<br \/>\u2022 <br \/>Sera divulgada, publicada y disponible para todas las partes interesadas, clientes, contratistas, colaboradores de la empresa.<\/p><p>La presente pol\u00edtica rige a partir de su publicaci\u00f3n en las instalaciones de la empresa AFLAM SAS.<\/p><p>Versi\u00f3n 5: Actualizada: El d\u00eda 13 de marzo de 2024 en instalaciones de AFLAM SAS<\/p>\t\t\t\t\t\t\t\t<\/div>\n\t\t\t\t<\/div>\n\t\t\t\t\t<\/div>\n\t\t<\/div>\n\t\t\t\t\t<\/div>\n\t\t<\/section>\n\t\t\t\t<section class=\"elementor-section elementor-top-section elementor-element elementor-element-5daef1e elementor-section-boxed elementor-section-height-default elementor-section-height-default\" data-id=\"5daef1e\" data-element_type=\"section\" data-e-type=\"section\" data-settings=\"{&quot;background_background&quot;:&quot;classic&quot;}\">\n\t\t\t\t\t\t<div class=\"elementor-container elementor-column-gap-default\">\n\t\t\t\t\t<div class=\"elementor-column elementor-col-100 elementor-top-column elementor-element elementor-element-a6e9f7e\" data-id=\"a6e9f7e\" data-element_type=\"column\" data-e-type=\"column\">\n\t\t\t<div class=\"elementor-widget-wrap elementor-element-populated\">\n\t\t\t\t\t\t<section class=\"elementor-section elementor-inner-section elementor-element elementor-element-73c9931 elementor-section-boxed elementor-section-height-default elementor-section-height-default\" data-id=\"73c9931\" data-element_type=\"section\" data-e-type=\"section\">\n\t\t\t\t\t\t<div class=\"elementor-container elementor-column-gap-default\">\n\t\t\t\t\t<div class=\"elementor-column elementor-col-50 elementor-inner-column elementor-element elementor-element-eb16707\" data-id=\"eb16707\" data-element_type=\"column\" data-e-type=\"column\">\n\t\t\t<div class=\"elementor-widget-wrap elementor-element-populated\">\n\t\t\t\t\t\t<div class=\"elementor-element elementor-element-0b03403 elementor-widget elementor-widget-heading\" data-id=\"0b03403\" data-element_type=\"widget\" data-e-type=\"widget\" data-widget_type=\"heading.default\">\n\t\t\t\t<div class=\"elementor-widget-container\">\n\t\t\t\t\t<h2 class=\"elementor-heading-title elementor-size-default\">Interesado en trabajar con nosotros? <b>Cont\u00e1ctenos!<\/b>\n<\/h2>\t\t\t\t<\/div>\n\t\t\t\t<\/div>\n\t\t\t\t\t<\/div>\n\t\t<\/div>\n\t\t\t\t<div class=\"elementor-column elementor-col-50 elementor-inner-column elementor-element elementor-element-0962ba9\" data-id=\"0962ba9\" data-element_type=\"column\" data-e-type=\"column\">\n\t\t\t<div class=\"elementor-widget-wrap elementor-element-populated\">\n\t\t\t\t\t\t<div class=\"elementor-element elementor-element-bdf9a77 elementor-align-center elementor-tablet-align-center elementor-absolute elementor-invisible elementor-widget elementor-widget-button\" data-id=\"bdf9a77\" data-element_type=\"widget\" data-e-type=\"widget\" data-settings=\"{&quot;_position&quot;:&quot;absolute&quot;,&quot;_animation&quot;:&quot;zoomInDown&quot;}\" data-widget_type=\"button.default\">\n\t\t\t\t<div class=\"elementor-widget-container\">\n\t\t\t\t\t\t\t\t\t<div class=\"elementor-button-wrapper\">\n\t\t\t\t\t<a class=\"elementor-button elementor-button-link elementor-size-lg\" href=\"https:\/\/www.aflamsas.com\/?page_id=131\">\n\t\t\t\t\t\t<span class=\"elementor-button-content-wrapper\">\n\t\t\t\t\t\t<span class=\"elementor-button-icon\">\n\t\t\t\t<i aria-hidden=\"true\" class=\"far fa-comments\"><\/i>\t\t\t<\/span>\n\t\t\t\t\t\t\t\t\t<span class=\"elementor-button-text\">Clic aqu\u00ed!<\/span>\n\t\t\t\t\t<\/span>\n\t\t\t\t\t<\/a>\n\t\t\t\t<\/div>\n\t\t\t\t\t\t\t\t<\/div>\n\t\t\t\t<\/div>\n\t\t\t\t\t<\/div>\n\t\t<\/div>\n\t\t\t\t\t<\/div>\n\t\t<\/section>\n\t\t\t\t\t<\/div>\n\t\t<\/div>\n\t\t\t\t\t<\/div>\n\t\t<\/section>\n\t\t\t\t<\/div>\n\t\t","protected":false},"excerpt":{"rendered":"<p>Quienes Somos Quienes somos? AFLAM SAS., es una empresa que presta los servicios de transporte terrestre de carga seca y liquido por carretera, alquiler de veh\u00edculos livianos, alquiler de maquinaria amarilla, y servicios integrales de ingenier\u00eda.Es una organizaci\u00f3n formada por personal que contribuyen una sociedad simplificada, de naturaleza comercial, con vocaci\u00f3n del servicio, de cuyo [&hellip;]<\/p>\n","protected":false},"author":1,"featured_media":0,"parent":0,"menu_order":0,"comment_status":"closed","ping_status":"closed","template":"","meta":{"footnotes":""},"class_list":["post-10012","page","type-page","status-publish","hentry"],"_links":{"self":[{"href":"https:\/\/www.aflamsas.com\/index.php?rest_route=\/wp\/v2\/pages\/10012","targetHints":{"allow":["GET"]}}],"collection":[{"href":"https:\/\/www.aflamsas.com\/index.php?rest_route=\/wp\/v2\/pages"}],"about":[{"href":"https:\/\/www.aflamsas.com\/index.php?rest_route=\/wp\/v2\/types\/page"}],"author":[{"embeddable":true,"href":"https:\/\/www.aflamsas.com\/index.php?rest_route=\/wp\/v2\/users\/1"}],"replies":[{"embeddable":true,"href":"https:\/\/www.aflamsas.com\/index.php?rest_route=%2Fwp%2Fv2%2Fcomments&post=10012"}],"version-history":[{"count":107,"href":"https:\/\/www.aflamsas.com\/index.php?rest_route=\/wp\/v2\/pages\/10012\/revisions"}],"predecessor-version":[{"id":10496,"href":"https:\/\/www.aflamsas.com\/index.php?rest_route=\/wp\/v2\/pages\/10012\/revisions\/10496"}],"wp:attachment":[{"href":"https:\/\/www.aflamsas.com\/index.php?rest_route=%2Fwp%2Fv2%2Fmedia&parent=10012"}],"curies":[{"name":"wp","href":"https:\/\/api.w.org\/{rel}","templated":true}]}}